{"id":52353,"date":"2024-03-27T11:13:36","date_gmt":"2024-03-27T11:13:36","guid":{"rendered":"https:\/\/www.villa-j.fr\/?page_id=52353"},"modified":"2026-02-05T13:38:35","modified_gmt":"2026-02-05T13:38:35","slug":"contact-access","status":"publish","type":"page","link":"https:\/\/www.villa-j.fr\/en\/contact-access\/","title":{"rendered":"Contact &amp; access"},"content":{"rendered":"\n<div class=\"chapo\">\n\tA question about our spaces? A project to discuss? Contact us to talk about your needs or schedule a visit to Villa J.\r\n<\/div>\n\n\n\n<div class=\"wp-block-columns is-layout-flex wp-container-core-columns-is-layout-9d6595d7 wp-block-columns-is-layout-flex\">\n<div class=\"wp-block-column is-layout-flow wp-block-column-is-layout-flow\" style=\"flex-basis:66.66%\"><div class=\"everest-forms\"><script type='text\/javascript'>\n\/* <![CDATA[ *\/\nvar evf_settings = {\"currency_code\":\"USD\",\"currency_thousands\":\",\",\"currency_decimal\":\".\",\"currency_symbol\":\"$\",\"currency_symbol_pos\":\"left\"}\n\/* ]]> *\/\n<\/script>\n<div class=\"evf-container default\" id=\"evf-52547\"><form id=\"evf-form-52547\" class=\"everest-form\" data-formid=\"52547\" data-ajax_submission=\"0\" data-keyboard_friendly_form=\"0\" data-form_state_type=\"\" method=\"post\" enctype=\"multipart\/form-data\" action=\"\/en\/wp-json\/wp\/v2\/pages\/52353\"><div class=\"evf-field-container\"><input type=\"hidden\" id=\"_wpnonce52547\" name=\"_wpnonce52547\" value=\"5e3b8cbb75\" \/><input type=\"hidden\" name=\"_wp_http_referer\" value=\"\/en\/wp-json\/wp\/v2\/pages\/52353\" \/><div class=\"evf-frontend-row\" data-row=\"row_2\" conditional_rules=\"[]\"><div class=\"evf-frontend-grid evf-grid-2\" data-grid=\"grid_1\"><div id=\"evf-52547-field_tDD2aXqoBA-10-container\" class=\"evf-field evf-field-first-name form-row validate-required\" data-required-field-message=\"Ce champ est n\u00e9cessaire.\" data-field-id=\"tDD2aXqoBA-10\"><label class=\"evf-field-label\" for=\"evf-52547-field_tDD2aXqoBA-10\"><span class=\"evf-label\">First name<\/span> <abbr class=\"required\" title=\"Required\">*<\/abbr><\/label><input type=\"text\" id=\"evf-52547-field_tDD2aXqoBA-10\" class=\"input-text\" name=\"everest_forms[form_fields][tDD2aXqoBA-10]\" conditional_id=\"tDD2aXqoBA-10\" required><\/div><\/div><div class=\"evf-frontend-grid evf-grid-2\" data-grid=\"grid_2\"><div id=\"evf-52547-field_IIox1BreKy-9-container\" class=\"evf-field evf-field-last-name form-row validate-required\" data-required-field-message=\"Ce champ est n\u00e9cessaire.\" data-field-id=\"IIox1BreKy-9\"><label class=\"evf-field-label\" for=\"evf-52547-field_IIox1BreKy-9\"><span class=\"evf-label\">Last name<\/span> <abbr class=\"required\" title=\"Required\">*<\/abbr><\/label><input type=\"text\" id=\"evf-52547-field_IIox1BreKy-9\" class=\"input-text\" name=\"everest_forms[form_fields][IIox1BreKy-9]\" conditional_id=\"IIox1BreKy-9\" required><\/div><\/div><\/div><div class=\"evf-frontend-row\" data-row=\"row_7\" conditional_rules=\"[]\"><div class=\"evf-frontend-grid evf-grid-1\" data-grid=\"grid_1\"><div id=\"evf-52547-field_T82MSjlR7z-16-container\" class=\"evf-field evf-field-text form-row\" data-field-id=\"T82MSjlR7z-16\"><label class=\"evf-field-label\" for=\"evf-52547-field_T82MSjlR7z-16\"><span class=\"evf-label\">Company<\/span> <\/label><input type=\"text\" id=\"evf-52547-field_T82MSjlR7z-16\" class=\"input-text\" name=\"everest_forms[form_fields][T82MSjlR7z-16]\" conditional_id=\"T82MSjlR7z-16\" ><\/div><\/div><\/div><div class=\"evf-frontend-row\" data-row=\"row_3\" conditional_rules=\"[]\"><div class=\"evf-frontend-grid evf-grid-2\" data-grid=\"grid_1\"><div id=\"evf-52547-field_email-container\" class=\"evf-field evf-field-email form-row validate-required validate-email\" data-required-field-message=\"Veuillez entrer une adresse e-mail valide.\" data-field-id=\"email\"><label class=\"evf-field-label\" for=\"evf-52547-field_email\"><span class=\"evf-label\">Email<\/span> <abbr class=\"required\" title=\"Required\">*<\/abbr><\/label><input type=\"email\" id=\"evf-52547-field_email\" class=\"input-text\" name=\"everest_forms[form_fields][email]\" conditional_id=\"email\" required ><\/div><\/div><div class=\"evf-frontend-grid evf-grid-2\" data-grid=\"grid_2\"><div id=\"evf-52547-field_Dr3YKrjJFT-20-container\" class=\"evf-field evf-field-text form-row\" data-field-id=\"Dr3YKrjJFT-20\"><label class=\"evf-field-label\" for=\"evf-52547-field_Dr3YKrjJFT-20\"><span class=\"evf-label\">Phone<\/span> <\/label><input type=\"text\" id=\"evf-52547-field_Dr3YKrjJFT-20\" class=\"input-text\" name=\"everest_forms[form_fields][Dr3YKrjJFT-20]\" conditional_id=\"Dr3YKrjJFT-20\" ><\/div><\/div><\/div><div class=\"evf-frontend-row\" data-row=\"row_6\" conditional_rules=\"[]\"><div class=\"evf-frontend-grid evf-grid-1\" data-grid=\"grid_1\"><div id=\"evf-52547-field_FvuWCp81UA-27-container\" class=\"evf-field evf-field-checkbox form-row everest-forms-list-2-columns\" data-field-id=\"FvuWCp81UA-27\"><label class=\"evf-field-label\" for=\"evf-52547-field_FvuWCp81UA-27\"><span class=\"evf-label\">Spaces concerned by your request:<\/span> <\/label><ul id=\"evf-52547-field_FvuWCp81UA-27\"><li class=\"choice-1 depth-1\"><input type=\"checkbox\" id=\"evf-52547-field_FvuWCp81UA-27_1\" class=\"input-text\" name=\"everest_forms[form_fields][FvuWCp81UA-27][]\" value=\"Bureau de coworking (1 pers.)\" conditional_id=\"FvuWCp81UA-27\"  ><label class=\"everest-forms-field-label-inline\" for=\"evf-52547-field_FvuWCp81UA-27_1\">Coworking desk (1 person)<\/label><\/li><li class=\"choice-3 depth-1\"><input type=\"checkbox\" id=\"evf-52547-field_FvuWCp81UA-27_3\" class=\"input-text\" name=\"everest_forms[form_fields][FvuWCp81UA-27][]\" value=\"Salle de r\u00e9union - petite (2-3 pers.)\" conditional_id=\"FvuWCp81UA-27\"  ><label class=\"everest-forms-field-label-inline\" for=\"evf-52547-field_FvuWCp81UA-27_3\">Meeting room \u2013 small (2-3 people)<\/label><\/li><li class=\"choice-2 depth-1\"><input type=\"checkbox\" id=\"evf-52547-field_FvuWCp81UA-27_2\" class=\"input-text\" name=\"everest_forms[form_fields][FvuWCp81UA-27][]\" value=\"Salle de r\u00e9union - moyenne (8 pers.)\" conditional_id=\"FvuWCp81UA-27\"  ><label class=\"everest-forms-field-label-inline\" for=\"evf-52547-field_FvuWCp81UA-27_2\">Meeting room &#8211; medium (8 people)<\/label><\/li><li class=\"choice-4 depth-1\"><input type=\"checkbox\" id=\"evf-52547-field_FvuWCp81UA-27_4\" class=\"input-text\" name=\"everest_forms[form_fields][FvuWCp81UA-27][]\" value=\"Salle de r\u00e9union - grande (10 pers.)\" conditional_id=\"FvuWCp81UA-27\"  ><label class=\"everest-forms-field-label-inline\" for=\"evf-52547-field_FvuWCp81UA-27_4\">Meeting room &#8211; large (10 people)<\/label><\/li><li class=\"choice-5 depth-1\"><input type=\"checkbox\" id=\"evf-52547-field_FvuWCp81UA-27_5\" class=\"input-text\" name=\"everest_forms[form_fields][FvuWCp81UA-27][]\" value=\"Plateau int\u00e9rieur modulable\" conditional_id=\"FvuWCp81UA-27\"  ><label class=\"everest-forms-field-label-inline\" for=\"evf-52547-field_FvuWCp81UA-27_5\">Flexible indoor space<\/label><\/li><li class=\"choice-6 depth-1\"><input type=\"checkbox\" id=\"evf-52547-field_FvuWCp81UA-27_6\" class=\"input-text\" name=\"everest_forms[form_fields][FvuWCp81UA-27][]\" value=\"Jardin\" conditional_id=\"FvuWCp81UA-27\"  ><label class=\"everest-forms-field-label-inline\" for=\"evf-52547-field_FvuWCp81UA-27_6\">Garden<\/label><\/li><\/ul><\/div><\/div><\/div><div class=\"evf-frontend-row\" data-row=\"row_5\" conditional_rules=\"[]\"><div class=\"evf-frontend-grid evf-grid-1\" data-grid=\"grid_1\"><div id=\"evf-52547-field_message-container\" class=\"evf-field evf-field-textarea form-row validate-required\" data-required-field-message=\"Ce champ est n\u00e9cessaire.\" data-field-id=\"message\"><label class=\"evf-field-label\" for=\"evf-52547-field_message\"><span class=\"evf-label\">Your message<\/span> <abbr class=\"required\" title=\"Required\">*<\/abbr><\/label><textarea id=\"evf-52547-field_message\" class=\"input-text\" name=\"everest_forms[form_fields][message]\" conditional_id=\"message\" required ><\/textarea><\/div><div id=\"evf-52547-field_0Nw3IiQ4ou-18-container\" class=\"evf-field evf-field-privacy-policy form-row validate-required\" data-required-field-message=\"Ce champ est n\u00e9cessaire.\" data-field-id=\"0Nw3IiQ4ou-18\"><label class=\"evf-field-label evf-label-hide\" for=\"evf-52547-field_0Nw3IiQ4ou-18\"><span class=\"evf-label\">GDPR<\/span> <abbr class=\"required\" title=\"Required\">*<\/abbr><\/label><input type=\"checkbox\" value=\"J&#039;accepte le stockage et l&#039;utilisation de mes donn\u00e9es dans le cadre de cette prise de contact. [Politique de confidentialit\u00e9](https:\/\/www.villa-j.fr\/politique-de-confidentialite\/)\" id=\"evf-52547-field_0Nw3IiQ4ou-18\" class=\"input-text\" name=\"everest_forms[form_fields][0Nw3IiQ4ou-18]\" conditional_id=\"0Nw3IiQ4ou-18\" required \/><label class=\"evf-privacy-policy-consent-message\" for=\"evf-52547-field_0Nw3IiQ4ou-18\">J&#039;accepte le stockage et l&#039;utilisation de mes donn\u00e9es dans le cadre de cette prise de contact. <a data-page-id=\"\" target=\"_blank\" rel=\"noopener noreferrer nofollow\" href=\"https:\/\/www.villa-j.fr\/politique-de-confidentialite\/\" class=\"\">Politique de confidentialit\u00e9<\/a><\/label><div class=\"evf-privacy-policy-local-page-contents\"><\/div><\/div><div id=\"evf-52547-field_quWElzxCGj-29-container\" class=\"evf-field evf-field-turnstile form-row\" data-field-id=\"quWElzxCGj-29\"><div class=\"evf-recaptcha-container\" style=\"display:block\"><div class=\"g-recaptcha\" data-sitekey=\"0x4AAAAAABnjTV_4abVHys8M\"><\/div><input type=\"text\" name=\"g-recaptcha-hidden\" class=\"evf-recaptcha-hidden\" style=\"position:absolute!important;clip:rect(0,0,0,0)!important;height:1px!important;width:1px!important;border:0!important;overflow:hidden!important;padding:0!important;margin:0!important;\" required><\/div><\/div><\/div><\/div><\/div><div class=\"evf-honeypot-container evf-field-hp\"><label for=\"evf-52547-field-hp\" class=\"evf-field-label\">Message<\/label><input type=\"text\" name=\"everest_forms[hp]\" id=\"evf-52547-field-hp\" class=\"input-text\"><\/div><div class=\"evf-submit-container \" ><input type=\"hidden\" name=\"everest_forms[id]\" value=\"52547\"><input type=\"hidden\" name=\"everest_forms[author]\" value=\"1\"><button type='submit' name='everest_forms[submit]' class='everest-forms-submit-button button evf-submit ' id='evf-submit-52547' value='evf-submit' data-process-text=\"Processing\u2026\" conditional_rules='&quot;&quot;' conditional_id='evf-submit-52547'  id=\"evf-submit-52547\" aria-live=\"assertive\">Send<\/button><\/div><\/form><\/div><!-- .evf-container --><\/div><\/div>\n\n\n\n<div class=\"wp-block-column bloc-acces is-layout-flow wp-block-column-is-layout-flow\" style=\"flex-basis:33.33%\">\n<h2 class=\"wp-block-heading\">Getting to Villa J<\/h2>\n\n\n\n<p><strong>Villa J<br>2, rue \u00c9tienne Gautier<br>13200 Arles<\/strong><\/p>\n\n\n\n<div class=\"wp-block-buttons is-layout-flex wp-block-buttons-is-layout-flex\">\n<div class=\"wp-block-button\"><a class=\"wp-block-button__link wp-element-button\" href=\"https:\/\/maps.app.goo.gl\/A5SnYWGXYFw8qtLw9\" target=\"_blank\" rel=\"noreferrer noopener\">Locate on Google Maps<\/a><\/div>\n<\/div>\n\n\n\n<h3 class=\"wp-block-heading\">Car<\/h3>\n\n\n\n<p><strong><strong>Highway N113 \u2013 E80<\/strong><br><\/strong>Exit 5 \u2013 Arles center<\/p>\n\n\n\n<p>Parkings:<\/p>\n\n\n\n<ul class=\"wp-block-list\">\n<li><strong>Gabriel Peri <\/strong>(20 m)<\/li>\n\n\n\n<li><strong>Craponne <\/strong>(200 m)<\/li>\n\n\n\n<li><strong>Chabourlet &#8211; P4<\/strong> (400 m)<\/li>\n<\/ul>\n\n\n\n<h3 class=\"wp-block-heading\">Train<\/h3>\n\n\n\n<p><strong>Train station of Arles<br><\/strong>20 minutes on foot<\/p>\n\n\n\n<p><strong>N\u00eemes &#8211; Pont du Gard TGV station<br><\/strong>30 minutes by car<\/p>\n\n\n\n<h3 class=\"wp-block-heading\">Bicycle<\/h3>\n\n\n\n<p>Possibility to park your bicycle within Villa J premises (enclosed outdoor area).<\/p>\n\n\n\n<p><br><\/p>\n<\/div>\n<\/div>\n","protected":false},"excerpt":{"rendered":"<p>Getting to Villa J Villa J2, rue \u00c9tienne Gautier13200 Arles Car Highway N113 \u2013 E80Exit 5 \u2013 Arles center Parkings: Train Train station of Arles20 minutes on foot N\u00eemes &#8211; Pont du Gard TGV station30 minutes by car Bicycle Possibility to park your bicycle within Villa J premises (enclosed outdoor area).<\/p>\n","protected":false},"author":1,"featured_media":0,"parent":0,"menu_order":0,"comment_status":"closed","ping_status":"closed","template":"","meta":{"_acf_changed":false,"footnotes":""},"class_list":["post-52353","page","type-page","status-publish","hentry"],"acf":[],"yoast_head":"<!-- This site is optimized with the Yoast SEO plugin v26.9 - https:\/\/yoast.com\/product\/yoast-seo-wordpress\/ -->\n<title>Contact &amp; access - Villa J<\/title>\n<meta name=\"robots\" content=\"index, follow, max-snippet:-1, max-image-preview:large, max-video-preview:-1\" \/>\n<link rel=\"canonical\" href=\"https:\/\/www.villa-j.fr\/en\/contact-access\/\" \/>\n<meta property=\"og:locale\" content=\"en_US\" \/>\n<meta property=\"og:type\" content=\"article\" \/>\n<meta property=\"og:title\" content=\"Contact &amp; access - Villa J\" \/>\n<meta property=\"og:description\" content=\"Getting to Villa J Villa J2, rue \u00c9tienne Gautier13200 Arles Car Highway N113 \u2013 E80Exit 5 \u2013 Arles center Parkings: Train Train station of Arles20 minutes on foot N\u00eemes &#8211; Pont du Gard TGV station30 minutes by car Bicycle Possibility to park your bicycle within Villa J premises (enclosed outdoor area).\" \/>\n<meta property=\"og:url\" content=\"https:\/\/www.villa-j.fr\/en\/contact-access\/\" \/>\n<meta property=\"og:site_name\" content=\"Villa J\" \/>\n<meta property=\"article:publisher\" content=\"https:\/\/www.facebook.com\/EspaceVillaJ\" \/>\n<meta property=\"article:modified_time\" content=\"2026-02-05T13:38:35+00:00\" \/>\n<meta name=\"twitter:card\" content=\"summary_large_image\" \/>\n<meta name=\"twitter:label1\" content=\"Est. reading time\" \/>\n\t<meta name=\"twitter:data1\" content=\"1 minute\" \/>\n<!-- \/ Yoast SEO plugin. -->","yoast_head_json":{"title":"Contact &amp; access - Villa J","robots":{"index":"index","follow":"follow","max-snippet":"max-snippet:-1","max-image-preview":"max-image-preview:large","max-video-preview":"max-video-preview:-1"},"canonical":"https:\/\/www.villa-j.fr\/en\/contact-access\/","og_locale":"en_US","og_type":"article","og_title":"Contact &amp; access - Villa J","og_description":"Getting to Villa J Villa J2, rue \u00c9tienne Gautier13200 Arles Car Highway N113 \u2013 E80Exit 5 \u2013 Arles center Parkings: Train Train station of Arles20 minutes on foot N\u00eemes &#8211; Pont du Gard TGV station30 minutes by car Bicycle Possibility to park your bicycle within Villa J premises (enclosed outdoor area).","og_url":"https:\/\/www.villa-j.fr\/en\/contact-access\/","og_site_name":"Villa J","article_publisher":"https:\/\/www.facebook.com\/EspaceVillaJ","article_modified_time":"2026-02-05T13:38:35+00:00","twitter_card":"summary_large_image","twitter_misc":{"Est. reading time":"1 minute"},"schema":{"@context":"https:\/\/schema.org","@graph":[{"@type":"WebPage","@id":"https:\/\/www.villa-j.fr\/en\/contact-access\/","url":"https:\/\/www.villa-j.fr\/en\/contact-access\/","name":"Contact &amp; access - Villa J","isPartOf":{"@id":"https:\/\/www.villa-j.fr\/en\/#website"},"datePublished":"2024-03-27T11:13:36+00:00","dateModified":"2026-02-05T13:38:35+00:00","breadcrumb":{"@id":"https:\/\/www.villa-j.fr\/en\/contact-access\/#breadcrumb"},"inLanguage":"en-US","potentialAction":[{"@type":"ReadAction","target":["https:\/\/www.villa-j.fr\/en\/contact-access\/"]}]},{"@type":"BreadcrumbList","@id":"https:\/\/www.villa-j.fr\/en\/contact-access\/#breadcrumb","itemListElement":[{"@type":"ListItem","position":1,"name":"Accueil","item":"https:\/\/www.villa-j.fr\/en\/"},{"@type":"ListItem","position":2,"name":"Contact &amp; access"}]},{"@type":"WebSite","@id":"https:\/\/www.villa-j.fr\/en\/#website","url":"https:\/\/www.villa-j.fr\/en\/","name":"Villa J","description":"Un lieu pour vos formations, s\u00e9minaires, coworking, r\u00e9unions profesionnelles, \u00e9v\u00e8nements culturels et expositions \u00e0 Arles","publisher":{"@id":"https:\/\/www.villa-j.fr\/en\/#organization"},"potentialAction":[{"@type":"SearchAction","target":{"@type":"EntryPoint","urlTemplate":"https:\/\/www.villa-j.fr\/en\/?s={search_term_string}"},"query-input":{"@type":"PropertyValueSpecification","valueRequired":true,"valueName":"search_term_string"}}],"inLanguage":"en-US"},{"@type":"Organization","@id":"https:\/\/www.villa-j.fr\/en\/#organization","name":"Villa J","url":"https:\/\/www.villa-j.fr\/en\/","logo":{"@type":"ImageObject","inLanguage":"en-US","@id":"https:\/\/www.villa-j.fr\/en\/#\/schema\/logo\/image\/","url":"https:\/\/www.villa-j.fr\/wp-content\/uploads\/2025\/07\/favicon.png","contentUrl":"https:\/\/www.villa-j.fr\/wp-content\/uploads\/2025\/07\/favicon.png","width":1067,"height":1067,"caption":"Villa J"},"image":{"@id":"https:\/\/www.villa-j.fr\/en\/#\/schema\/logo\/image\/"},"sameAs":["https:\/\/www.facebook.com\/EspaceVillaJ"]}]}},"_links":{"self":[{"href":"https:\/\/www.villa-j.fr\/en\/wp-json\/wp\/v2\/pages\/52353","targetHints":{"allow":["GET"]}}],"collection":[{"href":"https:\/\/www.villa-j.fr\/en\/wp-json\/wp\/v2\/pages"}],"about":[{"href":"https:\/\/www.villa-j.fr\/en\/wp-json\/wp\/v2\/types\/page"}],"author":[{"embeddable":true,"href":"https:\/\/www.villa-j.fr\/en\/wp-json\/wp\/v2\/users\/1"}],"replies":[{"embeddable":true,"href":"https:\/\/www.villa-j.fr\/en\/wp-json\/wp\/v2\/comments?post=52353"}],"version-history":[{"count":9,"href":"https:\/\/www.villa-j.fr\/en\/wp-json\/wp\/v2\/pages\/52353\/revisions"}],"predecessor-version":[{"id":52856,"href":"https:\/\/www.villa-j.fr\/en\/wp-json\/wp\/v2\/pages\/52353\/revisions\/52856"}],"wp:attachment":[{"href":"https:\/\/www.villa-j.fr\/en\/wp-json\/wp\/v2\/media?parent=52353"}],"curies":[{"name":"wp","href":"https:\/\/api.w.org\/{rel}","templated":true}]}}